{"id":1036075,"date":"2024-10-31T00:54:48","date_gmt":"2024-10-31T00:54:48","guid":{"rendered":"https:\/\/thefeminismproject.com\/ueber-uns\/"},"modified":"2024-10-31T00:54:48","modified_gmt":"2024-10-31T00:54:48","slug":"ueber-uns","status":"publish","type":"page","link":"https:\/\/thefeminismproject.com\/de\/ueber-uns\/","title":{"rendered":"\u00dcber uns"},"content":{"rendered":"<h2><strong>Die Vision<\/strong><\/h2>\n<p>TheFeminismProject.com bringt Ihnen popul\u00e4re Kultur mit einer feministischen Note. Egal, ob wir h\u00e4rtere Themen anpacken oder uns mit den sanfteren Dingen befassen &#8211; uns geht es darum, realistisch zu bleiben, einen Dialog zu schaffen, der sich richtig anf\u00fchlt, und die richtige Botschaft zu vermitteln. <\/p>\n<h2><strong>Unsere Geschichte<\/strong><\/h2>\n<p>Chloe und Leia hatten eine Vision. Eines schicksalhaften Tages erhielt Chloe den Auftrag, eine Website f\u00fcr Unterhaltungsnachrichten zu betreiben &#8211; sie rekrutierte einige ihrer talentierten Schriftstellerfreunde, um exzellente Leitartikel f\u00fcr diese Online-Publikation zu erstellen. Daraus entwickelte sich eine Unterhaltungsnachrichtenseite mit einer feministischen Note &#8211; Leia ging \u00fcber ihre eigentliche Aufgabe hinaus und wurde schon bald zu einer Mitverantwortlichen f\u00fcr das Projekt. Chloe und Leia engagierten sich.   <\/p>\n<p><em>Der Auftrag<\/em>: Chloe wurde von dem Projekt abgezogen und ihr wurde eine bedeutendere Rolle in der Firma angeboten, ein wei\u00dfer Heterosexueller erbte es und gab den urspr\u00fcnglichen redaktionellen Auftrag auf, die Vision ging verloren und Leia lehnte den Vorschlag ab, es in dieser Richtung weiterzuf\u00fchren.<\/p>\n<p><em>Der Silberstreif am Horizont<\/em>: Anfangs untr\u00f6stlich \u00fcber den Verlust ihres Babys, erkannten die beiden, dass die Leidenschaft und die Inhalte, die sie erzeugten, von innen kamen und beschlossen, sich selbstst\u00e4ndig zu machen: TheFeminismProject.com war geboren.<\/p>\n<p><em>Es gibt eine kleine Vorgeschichte<\/em>: Chloe und Leia lernten sich 2012 bei Bell Media kennen, als sie angeheuert wurden, um Sympatico.ca in TheLoop.ca (die einzige digitale Plattform von Bell Media) umzubenennen. Sie verbanden sich \u00fcber Katzen, Hunde, Lesben, frittierte Maki und saure Bonbons. Sie blieben nat\u00fcrlich Freunde, und der Rest ist Geschichte.  <\/p>\n","protected":false},"excerpt":{"rendered":"<p>Die Vision TheFeminismProject.com bringt Ihnen popul\u00e4re Kultur mit einer feministischen Note. Egal, ob wir h\u00e4rtere Themen anpacken oder uns mit den sanfteren Dingen befassen &#8211; uns geht es darum, realistisch zu bleiben, einen Dialog zu schaffen, der sich richtig anf\u00fchlt, und die richtige Botschaft zu vermitteln. Unsere Geschichte Chloe und Leia hatten eine Vision. Eines [&hellip;]<\/p>\n","protected":false},"author":1,"featured_media":0,"parent":0,"menu_order":0,"comment_status":"closed","ping_status":"closed","template":"","meta":{"footnotes":""},"class_list":["post-1036075","page","type-page","status-publish"],"yoast_head":"<!-- This site is optimized with the Yoast SEO plugin v27.3 - https:\/\/yoast.com\/product\/yoast-seo-wordpress\/ -->\n<title>\u00dcber uns - thefeminismproject.com<\/title>\n<meta name=\"description\" content=\"Die Vision TheFeminismProject.com bringt Ihnen popul\u00e4re Kultur mit einer feministischen Note. Egal, ob wir h\u00e4rtere Themen anpacken oder uns mit den\" \/>\n<meta name=\"robots\" content=\"index, follow, max-snippet:-1, max-image-preview:large, max-video-preview:-1\" \/>\n<link rel=\"canonical\" href=\"https:\/\/thefeminismproject.com\/de\/ueber-uns\/\" \/>\n<meta property=\"og:locale\" content=\"de_DE\" \/>\n<meta property=\"og:type\" content=\"article\" \/>\n<meta property=\"og:title\" content=\"\u00dcber uns - thefeminismproject.com\" \/>\n<meta property=\"og:description\" content=\"Die Vision TheFeminismProject.com bringt Ihnen popul\u00e4re Kultur mit einer feministischen Note. Egal, ob wir h\u00e4rtere Themen anpacken oder uns mit den\" \/>\n<meta property=\"og:url\" content=\"https:\/\/thefeminismproject.com\/de\/ueber-uns\/\" \/>\n<meta property=\"og:site_name\" content=\"thefeminismproject.com\" \/>\n<meta property=\"og:image\" content=\"https:\/\/thefeminismproject.com\/wp-content\/uploads\/2024\/10\/pexels-vazhnik-7561648.jpg\" \/>\n\t<meta property=\"og:image:width\" content=\"2500\" \/>\n\t<meta property=\"og:image:height\" content=\"1667\" \/>\n\t<meta property=\"og:image:type\" content=\"image\/jpeg\" \/>\n<meta name=\"twitter:card\" content=\"summary_large_image\" \/>\n<meta name=\"twitter:label1\" content=\"Gesch\u00e4tzte Lesezeit\" \/>\n\t<meta name=\"twitter:data1\" content=\"1\u00a0Minute\" \/>\n<script type=\"application\/ld+json\" class=\"yoast-schema-graph\">{\"@context\":\"https:\\\/\\\/schema.org\",\"@graph\":[{\"@type\":\"WebPage\",\"@id\":\"https:\\\/\\\/thefeminismproject.com\\\/de\\\/ueber-uns\\\/\",\"url\":\"https:\\\/\\\/thefeminismproject.com\\\/de\\\/ueber-uns\\\/\",\"name\":\"\u00dcber uns - thefeminismproject.com\",\"isPartOf\":{\"@id\":\"https:\\\/\\\/thefeminismproject.com\\\/de\\\/#website\"},\"datePublished\":\"2024-10-31T00:54:48+00:00\",\"description\":\"Die Vision TheFeminismProject.com bringt Ihnen popul\u00e4re Kultur mit einer feministischen Note. Egal, ob wir h\u00e4rtere Themen anpacken oder uns mit den\",\"breadcrumb\":{\"@id\":\"https:\\\/\\\/thefeminismproject.com\\\/de\\\/ueber-uns\\\/#breadcrumb\"},\"inLanguage\":\"de\",\"potentialAction\":[{\"@type\":\"ReadAction\",\"target\":[\"https:\\\/\\\/thefeminismproject.com\\\/de\\\/ueber-uns\\\/\"]}]},{\"@type\":\"BreadcrumbList\",\"@id\":\"https:\\\/\\\/thefeminismproject.com\\\/de\\\/ueber-uns\\\/#breadcrumb\",\"itemListElement\":[{\"@type\":\"ListItem\",\"position\":1,\"name\":\"Home\",\"item\":\"https:\\\/\\\/thefeminismproject.com\\\/de\\\/startseite\\\/\"},{\"@type\":\"ListItem\",\"position\":2,\"name\":\"\u00dcber uns\"}]},{\"@type\":\"WebSite\",\"@id\":\"https:\\\/\\\/thefeminismproject.com\\\/de\\\/#website\",\"url\":\"https:\\\/\\\/thefeminismproject.com\\\/de\\\/\",\"name\":\"thefeminismproject.com\",\"description\":\"Popular culture with a feminist twist | let&#039;s talk about things that matter (news that feels right)\",\"publisher\":{\"@id\":\"https:\\\/\\\/thefeminismproject.com\\\/de\\\/#organization\"},\"potentialAction\":[{\"@type\":\"SearchAction\",\"target\":{\"@type\":\"EntryPoint\",\"urlTemplate\":\"https:\\\/\\\/thefeminismproject.com\\\/de\\\/?s={search_term_string}\"},\"query-input\":{\"@type\":\"PropertyValueSpecification\",\"valueRequired\":true,\"valueName\":\"search_term_string\"}}],\"inLanguage\":\"de\"},{\"@type\":\"Organization\",\"@id\":\"https:\\\/\\\/thefeminismproject.com\\\/de\\\/#organization\",\"name\":\"thefeminismproject.com\",\"url\":\"https:\\\/\\\/thefeminismproject.com\\\/de\\\/\",\"logo\":{\"@type\":\"ImageObject\",\"inLanguage\":\"de\",\"@id\":\"https:\\\/\\\/thefeminismproject.com\\\/de\\\/#\\\/schema\\\/logo\\\/image\\\/\",\"url\":\"https:\\\/\\\/thefeminismproject.com\\\/wp-content\\\/uploads\\\/2024\\\/10\\\/pexels-vazhnik-7561648.jpg\",\"contentUrl\":\"https:\\\/\\\/thefeminismproject.com\\\/wp-content\\\/uploads\\\/2024\\\/10\\\/pexels-vazhnik-7561648.jpg\",\"width\":2500,\"height\":1667,\"caption\":\"thefeminismproject.com\"},\"image\":{\"@id\":\"https:\\\/\\\/thefeminismproject.com\\\/de\\\/#\\\/schema\\\/logo\\\/image\\\/\"}}]}<\/script>\n<!-- \/ Yoast SEO plugin. -->","yoast_head_json":{"title":"\u00dcber uns - thefeminismproject.com","description":"Die Vision TheFeminismProject.com bringt Ihnen popul\u00e4re Kultur mit einer feministischen Note. Egal, ob wir h\u00e4rtere Themen anpacken oder uns mit den","robots":{"index":"index","follow":"follow","max-snippet":"max-snippet:-1","max-image-preview":"max-image-preview:large","max-video-preview":"max-video-preview:-1"},"canonical":"https:\/\/thefeminismproject.com\/de\/ueber-uns\/","og_locale":"de_DE","og_type":"article","og_title":"\u00dcber uns - thefeminismproject.com","og_description":"Die Vision TheFeminismProject.com bringt Ihnen popul\u00e4re Kultur mit einer feministischen Note. Egal, ob wir h\u00e4rtere Themen anpacken oder uns mit den","og_url":"https:\/\/thefeminismproject.com\/de\/ueber-uns\/","og_site_name":"thefeminismproject.com","og_image":[{"width":2500,"height":1667,"url":"https:\/\/thefeminismproject.com\/wp-content\/uploads\/2024\/10\/pexels-vazhnik-7561648.jpg","type":"image\/jpeg"}],"twitter_card":"summary_large_image","twitter_misc":{"Gesch\u00e4tzte Lesezeit":"1\u00a0Minute"},"schema":{"@context":"https:\/\/schema.org","@graph":[{"@type":"WebPage","@id":"https:\/\/thefeminismproject.com\/de\/ueber-uns\/","url":"https:\/\/thefeminismproject.com\/de\/ueber-uns\/","name":"\u00dcber uns - thefeminismproject.com","isPartOf":{"@id":"https:\/\/thefeminismproject.com\/de\/#website"},"datePublished":"2024-10-31T00:54:48+00:00","description":"Die Vision TheFeminismProject.com bringt Ihnen popul\u00e4re Kultur mit einer feministischen Note. Egal, ob wir h\u00e4rtere Themen anpacken oder uns mit den","breadcrumb":{"@id":"https:\/\/thefeminismproject.com\/de\/ueber-uns\/#breadcrumb"},"inLanguage":"de","potentialAction":[{"@type":"ReadAction","target":["https:\/\/thefeminismproject.com\/de\/ueber-uns\/"]}]},{"@type":"BreadcrumbList","@id":"https:\/\/thefeminismproject.com\/de\/ueber-uns\/#breadcrumb","itemListElement":[{"@type":"ListItem","position":1,"name":"Home","item":"https:\/\/thefeminismproject.com\/de\/startseite\/"},{"@type":"ListItem","position":2,"name":"\u00dcber uns"}]},{"@type":"WebSite","@id":"https:\/\/thefeminismproject.com\/de\/#website","url":"https:\/\/thefeminismproject.com\/de\/","name":"thefeminismproject.com","description":"Popular culture with a feminist twist | let&#039;s talk about things that matter (news that feels right)","publisher":{"@id":"https:\/\/thefeminismproject.com\/de\/#organization"},"potentialAction":[{"@type":"SearchAction","target":{"@type":"EntryPoint","urlTemplate":"https:\/\/thefeminismproject.com\/de\/?s={search_term_string}"},"query-input":{"@type":"PropertyValueSpecification","valueRequired":true,"valueName":"search_term_string"}}],"inLanguage":"de"},{"@type":"Organization","@id":"https:\/\/thefeminismproject.com\/de\/#organization","name":"thefeminismproject.com","url":"https:\/\/thefeminismproject.com\/de\/","logo":{"@type":"ImageObject","inLanguage":"de","@id":"https:\/\/thefeminismproject.com\/de\/#\/schema\/logo\/image\/","url":"https:\/\/thefeminismproject.com\/wp-content\/uploads\/2024\/10\/pexels-vazhnik-7561648.jpg","contentUrl":"https:\/\/thefeminismproject.com\/wp-content\/uploads\/2024\/10\/pexels-vazhnik-7561648.jpg","width":2500,"height":1667,"caption":"thefeminismproject.com"},"image":{"@id":"https:\/\/thefeminismproject.com\/de\/#\/schema\/logo\/image\/"}}]}},"_links":{"self":[{"href":"https:\/\/thefeminismproject.com\/de\/wp-json\/wp\/v2\/pages\/1036075","targetHints":{"allow":["GET"]}}],"collection":[{"href":"https:\/\/thefeminismproject.com\/de\/wp-json\/wp\/v2\/pages"}],"about":[{"href":"https:\/\/thefeminismproject.com\/de\/wp-json\/wp\/v2\/types\/page"}],"author":[{"embeddable":true,"href":"https:\/\/thefeminismproject.com\/de\/wp-json\/wp\/v2\/users\/1"}],"replies":[{"embeddable":true,"href":"https:\/\/thefeminismproject.com\/de\/wp-json\/wp\/v2\/comments?post=1036075"}],"version-history":[{"count":0,"href":"https:\/\/thefeminismproject.com\/de\/wp-json\/wp\/v2\/pages\/1036075\/revisions"}],"wp:attachment":[{"href":"https:\/\/thefeminismproject.com\/de\/wp-json\/wp\/v2\/media?parent=1036075"}],"curies":[{"name":"wp","href":"https:\/\/api.w.org\/{rel}","templated":true}]}}