{"id":1036085,"date":"2024-10-31T00:54:48","date_gmt":"2024-10-31T00:54:48","guid":{"rendered":"https:\/\/thefeminismproject.com\/quienes-somos\/"},"modified":"2024-10-31T00:54:48","modified_gmt":"2024-10-31T00:54:48","slug":"quienes-somos","status":"publish","type":"page","link":"https:\/\/thefeminismproject.com\/es\/quienes-somos\/","title":{"rendered":"Qui\u00e9nes somos"},"content":{"rendered":"<h2><strong>La visi\u00f3n<\/strong><\/h2>\n<p>TheFeminismProject.com te ofrece cultura popular con un toque feminista. Tanto si abordamos temas dif\u00edciles como si nos adentramos en los m\u00e1s suaves, nuestro objetivo es mantener la realidad, crear un di\u00e1logo que resulte adecuado y transmitir el mensaje correcto. <\/p>\n<h2><strong>Nuestra historia<\/strong><\/h2>\n<p>Chloe y Leia tuvieron una visi\u00f3n. Un fat\u00eddico d\u00eda, le encargaron a Chloe el proyecto de dirigir un sitio web de noticias de entretenimiento &#8211; reclut\u00f3 a algunas de sus amigas escritoras de talento para generar una editorial excelente para esta publicaci\u00f3n online. Se convirti\u00f3 en un sitio de noticias de entretenimiento con un toque feminista: Leia dio un paso adelante, yendo m\u00e1s all\u00e1 de su papel y pronto se convirti\u00f3 en copatrocinadora del proyecto. Chloe y Leia se involucraron.   <\/p>\n<p><em>El resumen<\/em>: Chloe fue apartada del proyecto y se le ofreci\u00f3 un papel m\u00e1s importante en la empresa, un hombre blanco heterosexual lo hered\u00f3 y abandon\u00f3 el mandato editorial original, la visi\u00f3n se perdi\u00f3 y Leia rechaz\u00f3 una propuesta para dirigirlo en esta direcci\u00f3n.<\/p>\n<p><em>El lado positivo<\/em>: inicialmente desconsolados por la p\u00e9rdida de su beb\u00e9, la pareja se dio cuenta de que la pasi\u00f3n y los contenidos generados proven\u00edan de su interior y decidieron independizarse: As\u00ed naci\u00f3 TheFeminismProject.com.<\/p>\n<p><em>Hay algo de historia<\/em>: Chloe y Leia se conocieron en 2012 en Bell Media, cuando las contrataron para cambiar la marca de Sympatico.ca a TheLoop.ca (la \u00fanica plataforma digital de Bell Media). Les un\u00edan los gatos, los perros, las lesbianas, el maki frito y los caramelos \u00e1cidos. Siguieron siendo amigos, obviamente, y el resto es historia.  <\/p>\n","protected":false},"excerpt":{"rendered":"<p>La visi\u00f3n TheFeminismProject.com te ofrece cultura popular con un toque feminista. Tanto si abordamos temas dif\u00edciles como si nos adentramos en los m\u00e1s suaves, nuestro objetivo es mantener la realidad, crear un di\u00e1logo que resulte adecuado y transmitir el mensaje correcto. Nuestra historia Chloe y Leia tuvieron una visi\u00f3n. Un fat\u00eddico d\u00eda, le encargaron a [&hellip;]<\/p>\n","protected":false},"author":1,"featured_media":0,"parent":0,"menu_order":0,"comment_status":"closed","ping_status":"closed","template":"","meta":{"footnotes":""},"class_list":["post-1036085","page","type-page","status-publish"],"yoast_head":"<!-- This site is optimized with the Yoast SEO plugin v27.3 - https:\/\/yoast.com\/product\/yoast-seo-wordpress\/ -->\n<title>Qui\u00e9nes somos - thefeminismproject.com<\/title>\n<meta name=\"description\" content=\"La visi\u00f3n TheFeminismProject.com te ofrece cultura popular con un toque feminista. Tanto si abordamos temas dif\u00edciles como si nos adentramos en los m\u00e1s\" \/>\n<meta name=\"robots\" content=\"index, follow, max-snippet:-1, max-image-preview:large, max-video-preview:-1\" \/>\n<link rel=\"canonical\" href=\"https:\/\/thefeminismproject.com\/es\/quienes-somos\/\" \/>\n<meta property=\"og:locale\" content=\"es_ES\" \/>\n<meta property=\"og:type\" content=\"article\" \/>\n<meta property=\"og:title\" content=\"Qui\u00e9nes somos - thefeminismproject.com\" \/>\n<meta property=\"og:description\" content=\"La visi\u00f3n TheFeminismProject.com te ofrece cultura popular con un toque feminista. Tanto si abordamos temas dif\u00edciles como si nos adentramos en los m\u00e1s\" \/>\n<meta property=\"og:url\" content=\"https:\/\/thefeminismproject.com\/es\/quienes-somos\/\" \/>\n<meta property=\"og:site_name\" content=\"thefeminismproject.com\" \/>\n<meta property=\"og:image\" content=\"https:\/\/thefeminismproject.com\/wp-content\/uploads\/2024\/10\/pexels-vazhnik-7561648.jpg\" \/>\n\t<meta property=\"og:image:width\" content=\"2500\" \/>\n\t<meta property=\"og:image:height\" content=\"1667\" \/>\n\t<meta property=\"og:image:type\" content=\"image\/jpeg\" \/>\n<meta name=\"twitter:card\" content=\"summary_large_image\" \/>\n<meta name=\"twitter:label1\" content=\"Tiempo de lectura\" \/>\n\t<meta name=\"twitter:data1\" content=\"1 minuto\" \/>\n<script type=\"application\/ld+json\" class=\"yoast-schema-graph\">{\"@context\":\"https:\\\/\\\/schema.org\",\"@graph\":[{\"@type\":\"WebPage\",\"@id\":\"https:\\\/\\\/thefeminismproject.com\\\/es\\\/quienes-somos\\\/\",\"url\":\"https:\\\/\\\/thefeminismproject.com\\\/es\\\/quienes-somos\\\/\",\"name\":\"Qui\u00e9nes somos - thefeminismproject.com\",\"isPartOf\":{\"@id\":\"https:\\\/\\\/thefeminismproject.com\\\/es\\\/#website\"},\"datePublished\":\"2024-10-31T00:54:48+00:00\",\"description\":\"La visi\u00f3n TheFeminismProject.com te ofrece cultura popular con un toque feminista. Tanto si abordamos temas dif\u00edciles como si nos adentramos en los m\u00e1s\",\"breadcrumb\":{\"@id\":\"https:\\\/\\\/thefeminismproject.com\\\/es\\\/quienes-somos\\\/#breadcrumb\"},\"inLanguage\":\"es\",\"potentialAction\":[{\"@type\":\"ReadAction\",\"target\":[\"https:\\\/\\\/thefeminismproject.com\\\/es\\\/quienes-somos\\\/\"]}]},{\"@type\":\"BreadcrumbList\",\"@id\":\"https:\\\/\\\/thefeminismproject.com\\\/es\\\/quienes-somos\\\/#breadcrumb\",\"itemListElement\":[{\"@type\":\"ListItem\",\"position\":1,\"name\":\"Home\",\"item\":\"https:\\\/\\\/thefeminismproject.com\\\/es\\\/inicio\\\/\"},{\"@type\":\"ListItem\",\"position\":2,\"name\":\"Qui\u00e9nes somos\"}]},{\"@type\":\"WebSite\",\"@id\":\"https:\\\/\\\/thefeminismproject.com\\\/es\\\/#website\",\"url\":\"https:\\\/\\\/thefeminismproject.com\\\/es\\\/\",\"name\":\"thefeminismproject.com\",\"description\":\"Popular culture with a feminist twist | let&#039;s talk about things that matter (news that feels right)\",\"publisher\":{\"@id\":\"https:\\\/\\\/thefeminismproject.com\\\/es\\\/#organization\"},\"potentialAction\":[{\"@type\":\"SearchAction\",\"target\":{\"@type\":\"EntryPoint\",\"urlTemplate\":\"https:\\\/\\\/thefeminismproject.com\\\/es\\\/?s={search_term_string}\"},\"query-input\":{\"@type\":\"PropertyValueSpecification\",\"valueRequired\":true,\"valueName\":\"search_term_string\"}}],\"inLanguage\":\"es\"},{\"@type\":\"Organization\",\"@id\":\"https:\\\/\\\/thefeminismproject.com\\\/es\\\/#organization\",\"name\":\"thefeminismproject.com\",\"url\":\"https:\\\/\\\/thefeminismproject.com\\\/es\\\/\",\"logo\":{\"@type\":\"ImageObject\",\"inLanguage\":\"es\",\"@id\":\"https:\\\/\\\/thefeminismproject.com\\\/es\\\/#\\\/schema\\\/logo\\\/image\\\/\",\"url\":\"https:\\\/\\\/thefeminismproject.com\\\/wp-content\\\/uploads\\\/2024\\\/10\\\/pexels-vazhnik-7561648.jpg\",\"contentUrl\":\"https:\\\/\\\/thefeminismproject.com\\\/wp-content\\\/uploads\\\/2024\\\/10\\\/pexels-vazhnik-7561648.jpg\",\"width\":2500,\"height\":1667,\"caption\":\"thefeminismproject.com\"},\"image\":{\"@id\":\"https:\\\/\\\/thefeminismproject.com\\\/es\\\/#\\\/schema\\\/logo\\\/image\\\/\"}}]}<\/script>\n<!-- \/ Yoast SEO plugin. -->","yoast_head_json":{"title":"Qui\u00e9nes somos - thefeminismproject.com","description":"La visi\u00f3n TheFeminismProject.com te ofrece cultura popular con un toque feminista. Tanto si abordamos temas dif\u00edciles como si nos adentramos en los m\u00e1s","robots":{"index":"index","follow":"follow","max-snippet":"max-snippet:-1","max-image-preview":"max-image-preview:large","max-video-preview":"max-video-preview:-1"},"canonical":"https:\/\/thefeminismproject.com\/es\/quienes-somos\/","og_locale":"es_ES","og_type":"article","og_title":"Qui\u00e9nes somos - thefeminismproject.com","og_description":"La visi\u00f3n TheFeminismProject.com te ofrece cultura popular con un toque feminista. Tanto si abordamos temas dif\u00edciles como si nos adentramos en los m\u00e1s","og_url":"https:\/\/thefeminismproject.com\/es\/quienes-somos\/","og_site_name":"thefeminismproject.com","og_image":[{"width":2500,"height":1667,"url":"https:\/\/thefeminismproject.com\/wp-content\/uploads\/2024\/10\/pexels-vazhnik-7561648.jpg","type":"image\/jpeg"}],"twitter_card":"summary_large_image","twitter_misc":{"Tiempo de lectura":"1 minuto"},"schema":{"@context":"https:\/\/schema.org","@graph":[{"@type":"WebPage","@id":"https:\/\/thefeminismproject.com\/es\/quienes-somos\/","url":"https:\/\/thefeminismproject.com\/es\/quienes-somos\/","name":"Qui\u00e9nes somos - thefeminismproject.com","isPartOf":{"@id":"https:\/\/thefeminismproject.com\/es\/#website"},"datePublished":"2024-10-31T00:54:48+00:00","description":"La visi\u00f3n TheFeminismProject.com te ofrece cultura popular con un toque feminista. Tanto si abordamos temas dif\u00edciles como si nos adentramos en los m\u00e1s","breadcrumb":{"@id":"https:\/\/thefeminismproject.com\/es\/quienes-somos\/#breadcrumb"},"inLanguage":"es","potentialAction":[{"@type":"ReadAction","target":["https:\/\/thefeminismproject.com\/es\/quienes-somos\/"]}]},{"@type":"BreadcrumbList","@id":"https:\/\/thefeminismproject.com\/es\/quienes-somos\/#breadcrumb","itemListElement":[{"@type":"ListItem","position":1,"name":"Home","item":"https:\/\/thefeminismproject.com\/es\/inicio\/"},{"@type":"ListItem","position":2,"name":"Qui\u00e9nes somos"}]},{"@type":"WebSite","@id":"https:\/\/thefeminismproject.com\/es\/#website","url":"https:\/\/thefeminismproject.com\/es\/","name":"thefeminismproject.com","description":"Popular culture with a feminist twist | let&#039;s talk about things that matter (news that feels right)","publisher":{"@id":"https:\/\/thefeminismproject.com\/es\/#organization"},"potentialAction":[{"@type":"SearchAction","target":{"@type":"EntryPoint","urlTemplate":"https:\/\/thefeminismproject.com\/es\/?s={search_term_string}"},"query-input":{"@type":"PropertyValueSpecification","valueRequired":true,"valueName":"search_term_string"}}],"inLanguage":"es"},{"@type":"Organization","@id":"https:\/\/thefeminismproject.com\/es\/#organization","name":"thefeminismproject.com","url":"https:\/\/thefeminismproject.com\/es\/","logo":{"@type":"ImageObject","inLanguage":"es","@id":"https:\/\/thefeminismproject.com\/es\/#\/schema\/logo\/image\/","url":"https:\/\/thefeminismproject.com\/wp-content\/uploads\/2024\/10\/pexels-vazhnik-7561648.jpg","contentUrl":"https:\/\/thefeminismproject.com\/wp-content\/uploads\/2024\/10\/pexels-vazhnik-7561648.jpg","width":2500,"height":1667,"caption":"thefeminismproject.com"},"image":{"@id":"https:\/\/thefeminismproject.com\/es\/#\/schema\/logo\/image\/"}}]}},"_links":{"self":[{"href":"https:\/\/thefeminismproject.com\/es\/wp-json\/wp\/v2\/pages\/1036085","targetHints":{"allow":["GET"]}}],"collection":[{"href":"https:\/\/thefeminismproject.com\/es\/wp-json\/wp\/v2\/pages"}],"about":[{"href":"https:\/\/thefeminismproject.com\/es\/wp-json\/wp\/v2\/types\/page"}],"author":[{"embeddable":true,"href":"https:\/\/thefeminismproject.com\/es\/wp-json\/wp\/v2\/users\/1"}],"replies":[{"embeddable":true,"href":"https:\/\/thefeminismproject.com\/es\/wp-json\/wp\/v2\/comments?post=1036085"}],"version-history":[{"count":0,"href":"https:\/\/thefeminismproject.com\/es\/wp-json\/wp\/v2\/pages\/1036085\/revisions"}],"wp:attachment":[{"href":"https:\/\/thefeminismproject.com\/es\/wp-json\/wp\/v2\/media?parent=1036085"}],"curies":[{"name":"wp","href":"https:\/\/api.w.org\/{rel}","templated":true}]}}