{"id":1036102,"date":"2024-10-31T00:56:45","date_gmt":"2024-10-31T00:56:45","guid":{"rendered":"https:\/\/thefeminismproject.com\/plazo-de-uso\/"},"modified":"2024-10-31T00:56:45","modified_gmt":"2024-10-31T00:56:45","slug":"plazo-de-uso","status":"publish","type":"page","link":"https:\/\/thefeminismproject.com\/es\/plazo-de-uso\/","title":{"rendered":"Plazo de uso"},"content":{"rendered":"<p>Lee atentamente estas condiciones de uso (las \u00ab<strong>Condiciones de Uso<\/strong>\u00ab) antes de acceder o utilizar este sitio web, incluso a trav\u00e9s de sus interfaces de acceso general (el \u00ab<strong>Sitio<\/strong>\u00ab). Estas Condiciones de uso constituyen un acuerdo entre <strong>TheFeminismProject.com<\/strong>, (\u00ab<strong>TFP<\/strong>\u00ab, \u00ab<strong>nosotros<\/strong>\u00ab, \u00ab<strong>nos<\/strong>\u00bb y \u00ab<strong>nuestro<\/strong>\u00ab), y t\u00fa, y rigen el uso que hagas del Sitio (el t\u00e9rmino \u00ab<strong>uso<\/strong>\u00ab, cuando se utilice aqu\u00ed con respecto al Sitio, significar\u00e1 acceso o utilizaci\u00f3n, y utilizar tendr\u00e1 el significado correspondiente). Al utilizar el Sitio, aceptas regirte por y cumplir estas Condiciones de uso y nuestra pol\u00edtica de privacidad, a la que puedes acceder en l (la \u00ab<strong>Pol\u00edtica de<\/strong>privacidad\u00bb) <strong>http:\/\/www.thefeminismproject.com\/privacy-policy<\/strong> Si no aceptas y te comprometes a regirte por estas Condiciones de uso y nuestra Pol\u00edtica de privacidad, o no eres capaz de aceptar estas Condiciones de uso y nuestra Pol\u00edtica de privacidad, tu \u00fanico recurso es dejar de utilizar el Sitio inmediatamente.  <\/p>\n<p>Como condici\u00f3n para utilizar el Sitio, garantizas que: (a) has alcanzado la mayor\u00eda de edad en tu jurisdicci\u00f3n de residencia; (b) posees la autoridad legal para crear una obligaci\u00f3n legal vinculante; y (c) utilizar\u00e1s el Sitio de acuerdo con estas Condiciones de uso.   <\/p>\n<p><strong><u>Cambios en estas Condiciones de Uso y en el Sitio<\/u><\/strong><\/p>\n<p>Nos reservamos el derecho, en cualquier momento y ocasionalmente, de cambiar estas Condiciones de Uso publicando una versi\u00f3n actualizada de las mismas en el Sitio. Eres responsable de revisar peri\u00f3dicamente estas Condiciones de Uso, incluida la comprobaci\u00f3n de si han cambiado. Tu uso continuado de este Sitio o del Contenido del Sitio despu\u00e9s de cualquier cambio en estas Condiciones de Uso constituir\u00e1 tu consentimiento a quedar vinculado por dichos cambios, constituyendo la prestaci\u00f3n continuada del uso de este Sitio o del Contenido del Sitio una contraprestaci\u00f3n de nuestra parte a ti por quedar vinculado. Tu \u00fanico derecho con respecto a cualquier disconformidad con estas Condiciones de Uso es dejar de utilizar este Sitio y el Contenido del Sitio.   <\/p>\n<p>TFP se reserva el derecho de, en cualquier momento y de vez en cuando, sin previo aviso, modificar, a\u00f1adir o eliminar cualquier material, contenido, dise\u00f1os, disposici\u00f3n, gr\u00e1ficos, im\u00e1genes, ilustraciones, fotograf\u00edas, im\u00e1genes, audio, v\u00eddeo, software, ilustraciones, sonidos, nombres, palabras, t\u00edtulos, frases, logotipos, marcas comerciales, marcas de servicio, nombres comerciales y otra informaci\u00f3n contenida en el Sitio, incluyendo, sin limitaci\u00f3n, el \u00abaspecto y sensaci\u00f3n\u00bb del Sitio (colectivamente, el \u00bb <strong>Contenido<\/strong><strong>del Sitio<\/strong> \u00ab).<\/p>\n<p><strong><u>Uso del Sitio<\/u><\/strong><\/p>\n<p>El Sitio se proporciona \u00fanicamente para permitirte: (a) leer la informaci\u00f3n, art\u00edculos y comentarios disponibles en el Sitio; (b) ver los v\u00eddeos, fotos, im\u00e1genes y otros medios disponibles en el Sitio; (c) relacionarte con nosotros y con otros lectores a trav\u00e9s del Sitio; (d) utilizar los servicios que TFP pone a tu disposici\u00f3n a trav\u00e9s del Sitio seg\u00fan lo autorizado por TFP (cada uno de los anteriores, un \u00ab<strong>Uso Permitido<\/strong>\u00ab); y (e) enviarnos consultas. A menos que se acuerde lo contrario por escrito, el Sitio s\u00f3lo podr\u00e1 utilizarse a trav\u00e9s de las interfaces generalmente disponibles de TFP.     <\/p>\n<p>TFP se reserva el derecho, a su entera discreci\u00f3n, de denegar el uso del Sitio a cualquier persona, en cualquier momento y por cualquier motivo, incluyendo, entre otros, la violaci\u00f3n de estas Condiciones de Uso. Aceptas cesar y desistir de cualquier uso de este tipo inmediatamente a petici\u00f3n de TFP. TFP no ser\u00e1 responsable de ninguna p\u00e9rdida o da\u00f1o en que incurras como resultado de cualquier terminaci\u00f3n o suspensi\u00f3n de tu uso del Sitio.  <\/p>\n<p><strong><u>Propiedad<\/u><\/strong><\/p>\n<p>TFP se reserva expresamente todos los derechos sobre el Sitio, el Contenido del Sitio y todos los dem\u00e1s materiales proporcionados o accesibles por TFP en virtud del presente, que no te hayan sido espec\u00edficamente concedidos. Todos los derechos, t\u00edtulos e intereses sobre el Sitio y el Contenido del Sitio y todos los dem\u00e1s materiales proporcionados o accesibles por TFP en virtud del presente, cualquier actualizaci\u00f3n, adaptaci\u00f3n, traducci\u00f3n, personalizaci\u00f3n o trabajo derivado de los mismos, as\u00ed como todos los derechos de propiedad intelectual sobre los mismos, seguir\u00e1n perteneciendo a TFP (o a sus terceros proveedores y licenciantes, en su caso). No adquieres absolutamente ning\u00fan derecho o licencia sobre el Sitio o el Contenido del Sitio, salvo el derecho limitado a utilizar el Sitio y el Contenido del Sitio de acuerdo con estas Condiciones de Uso. El Sitio, el Contenido del Sitio y todos los dem\u00e1s materiales proporcionados o accesibles por TFP en virtud del presente se te conceden bajo licencia y no se te venden, y \u00fanicamente para los Usos Permitidos. Los logotipos y nombres de productos, empresas y\/o personas mostrados o mencionados en el Sitio pueden ser marcas registradas de sus respectivos propietarios.    <\/p>\n<p><strong><u>Pol\u00edtica de privacidad<\/u><\/strong><\/p>\n<p>TFP respeta tu derecho a la privacidad de tu informaci\u00f3n personal (tal y como se define en nuestra Pol\u00edtica de Privacidad). Consulta nuestra Pol\u00edtica de Privacidad para obtener informaci\u00f3n detallada sobre la forma en que recopilamos, utilizamos, revelamos y gestionamos tu informaci\u00f3n personal. Al utilizar el Sitio o el Contenido del Sitio, aceptas que TFP utilice, recopile y revele tu informaci\u00f3n personal de acuerdo con nuestra Pol\u00edtica de Privacidad, que se incorpora por referencia y forma parte de estas Condiciones de Uso.  <\/p>\n<p><strong><u>Restricciones<\/u><\/strong><\/p>\n<p>Aceptas que, sin el consentimiento previo por escrito de TFP, no utilizar\u00e1s el Sitio o el Contenido del Sitio para ning\u00fan fin que no sea un Uso Permitido. Adem\u00e1s, te comprometes a no utilizar, sin el consentimiento previo por escrito de TFP: (a) \u00abenmarcar\u00bb, \u00abreflejar\u00bb o incorporar de cualquier otro modo el Sitio o el Contenido del Sitio o cualquier parte del mismo en cualquier sitio web comercial o no comercial; (b) acceder, controlar o copiar cualquier Contenido del Sitio utilizando cualquier m\u00e9todo de extracci\u00f3n de datos, robot, ara\u00f1a, scraper u otros medios automatizados o cualquier proceso manual para cualquier recopilaci\u00f3n de datos o m\u00e9todos de extracci\u00f3n; (c) violar las restricciones de cualquier encabezado de exclusi\u00f3n de robots del Sitio o eludir o sortear otras medidas empleadas para impedir o limitar el acceso al Sitio; (d) realizar cualquier acci\u00f3n que imponga o pueda imponer, a la entera discreci\u00f3n de TFP, una carga irrazonable o desproporcionadamente grande en su infraestructura; (e) establecer enlaces profundos a cualquier parte del Sitio para cualquier fin; (f) modificar, adaptar, alterar o traducir cualquier software subyacente al Sitio; (g) utilizar o copiar cualquier software subyacente al Sitio; (h) intentar obtener acceso no autorizado a los Servicios o a los sistemas o redes relacionados con TFP; (i) utilizar o permitir a sabiendas el uso de cualquier herramienta de comprobaci\u00f3n de seguridad con el fin de sondear, escanear o intentar penetrar o determinar la seguridad del Sitio; o (j) acceder al Sitio con el fin de crear un producto o servicio similar o competitivo o con el fin de obtener acceso no autorizado al Sitio.           <\/p>\n<p>Aunque puedes ver el Sitio y el Contenido del Sitio a trav\u00e9s de un navegador web u otra interfaz puesta a disposici\u00f3n general por TFP, por lo dem\u00e1s aceptas que ninguna parte del Sitio o del Contenido del Sitio puede copiarse, reproducirse, modificarse, distribuirse, transferirse, venderse, publicarse, emitirse, representarse, transmitirse, publicarse, licenciarse o circular de ninguna forma sin el consentimiento previo por escrito de TFP. Queda estrictamente prohibida la copia, traducci\u00f3n, creaci\u00f3n de trabajos derivados, ingenier\u00eda inversa, montaje inverso, desmontaje o descompilaci\u00f3n del Sitio o de cualquier parte del mismo, o cualquier otro intento de descubrir el c\u00f3digo fuente o modificar el Sitio, sin el consentimiento previo por escrito de TFP. <\/p>\n<p><strong><u>Sitios de terceros<\/u><\/strong><\/p>\n<p>El Sitio puede proporcionar enlaces a sitios web de terceros (los \u00ab<strong>Sitios Web<\/strong>de Terceros\u00bb). TFP no respalda los Sitios web de terceros ni la informaci\u00f3n contenida en los mismos, y no garantiza su comerciabilidad, calidad comercial, titularidad, no infracci\u00f3n, seguridad, fiabilidad, integridad, disfrute tranquilo, exactitud, calidad o idoneidad para un fin determinado. TFP no controla los Sitios Web de Terceros ni el contenido de los mismos, y reconoces que accedes a los Sitios Web de Terceros bajo tu propia responsabilidad.  <\/p>\n<p><strong><u>Virus<\/u><\/strong><\/p>\n<p>El uso del Sitio, incluido el uso o descarga del Contenido del Sitio, se realiza bajo tu propia responsabilidad. TFP no puede garantizar ni garantiza que el Sitio o el Contenido del Sitio sean compatibles con tu(s) sistema(s) inform\u00e1tico(s), ni que el Sitio o el Contenido del Sitio est\u00e9n libres de virus, gusanos, troyanos o dispositivos de desactivaci\u00f3n u otros c\u00f3digos que manifiesten propiedades contaminantes o destructivas. Eres responsable de poner en pr\u00e1ctica salvaguardas para proteger la seguridad e integridad de tu(s) sistema(s) inform\u00e1tico(s), y eres responsable del coste total de cualquier servicio, reparaci\u00f3n o conexi\u00f3n de y a tu(s) sistema(s) inform\u00e1tico(s) que pueda ser necesario como resultado de tu uso del Sitio.  <\/p>\n<p><strong><u>Comunicaciones no confidenciales<\/u><\/strong><\/p>\n<p>TFP no garantiza la confidencialidad de las comunicaciones que realices a TFP o a trav\u00e9s del Sitio o de cualquier otra informaci\u00f3n que transmitas a TFP o a trav\u00e9s del Sitio, incluidas las comunicaciones realizadas por correo electr\u00f3nico o la informaci\u00f3n transmitida a trav\u00e9s del uso que hagas del Sitio. TFP puede conservar una copia de dicha informaci\u00f3n con el fin de cumplir con las pol\u00edticas y requisitos legales, normativos y\/o internos razonables de copia de seguridad o archivo, y en la medida necesaria para ello. <\/p>\n<p>Al enviar ideas, sugerencias, documentos y\/o propuestas (\u00ab<strong>Comentarios<\/strong>\u00ab) a TFP, reconoces y aceptas que: (a) tus Comentarios no contienen informaci\u00f3n confidencial o de propiedad; (b) TFP no tiene ninguna obligaci\u00f3n de confidencialidad, expresa o impl\u00edcita, con respecto a los Comentarios; (c) TFP tendr\u00e1 derecho a utilizar o divulgar (o decidir no utilizar ni divulgar) dichos Comentarios para cualquier fin, de cualquier forma y en cualquier medio de comunicaci\u00f3n en todo el mundo; (d) TFP puede tener algo similar a los Comentarios ya en estudio o en desarrollo; (e) renuncias irrevocablemente a tus derechos morales sobre dichos Comentarios y cedes a TFP todos los derechos sobre los mismos; y (f) no tienes derecho a ning\u00fan tipo de compensaci\u00f3n o reembolso por parte de TFP bajo ninguna circunstancia.      <\/p>\n<p><strong><u>Renuncia de garant\u00eda y limitaci\u00f3n de responsabilidad<\/u><\/strong><\/p>\n<p>EL SITIO, INCLUIDO SU CONTENIDO, SE PROPORCIONA \u00abTAL CUAL\u00bb Y \u00abSEG\u00daN DISPONIBILIDAD\u00bb Y SIN GARANT\u00cdAS DE NING\u00daN TIPO, NI EXPRESAS NI IMPL\u00cdCITAS. TFP RENUNCIA A TODAS LAS GARANT\u00cdAS, EXPRESAS O IMPL\u00cdCITAS, INCLUIDAS, ENTRE OTRAS, LAS GARANT\u00cdAS Y CONDICIONES IMPL\u00cdCITAS DE COMERCIABILIDAD, IDONEIDAD PARA UN FIN DETERMINADO Y NO INFRACCI\u00d3N. TFP NO GARANTIZA QUE EL SITIO O EL CONTENIDO DEL SITIO O EL USO QUE HAGAS DEL SITIO O DEL CONTENIDO DEL SITIO SEA ININTERRUMPIDO, EST\u00c9 LIBRE DE ERRORES O DE VIRUS U OTROS COMPONENTES DA\u00d1INOS.  <\/p>\n<p>EN NING\u00daN CASO TFP SER\u00c1 RESPONSABLE DE NING\u00daN DA\u00d1O DIRECTO, INDIRECTO, INCIDENTAL, ESPECIAL O CONSECUENTE QUE RESULTE O EST\u00c9 RELACIONADO CON EL USO O LA IMPOSIBILIDAD DE USAR EL SITIO, EL CONTENIDO DEL SITIO O CUALQUIER SITIO WEB DE TERCEROS, INCLUSO SI TFP HA SIDO ADVERTIDO DE LA POSIBILIDAD DE TALES DA\u00d1OS.<\/p>\n<p>TFP NO OFRECE NINGUNA GARANT\u00cdA EN RELACI\u00d3N CON EL SITIO, EL CONTENIDO DEL SITIO O LOS SITIOS WEB DE TERCEROS. EXIMES EXPRESAMENTE A TFP DE CUALQUIER RECLAMACI\u00d3N, P\u00c9RDIDA, RESPONSABILIDAD, DA\u00d1OS, LESIONES Y GASTOS (INCLUIDAS, ENTRE OTRAS, LAS RECLAMACIONES POR LESIONES PERSONALES) DERIVADOS O RELACIONADOS CON TU USO DEL SITIO, EL CONTENIDO DEL SITIO O LOS SITIOS WEB DE TERCEROS, O CON CUALQUIER SUPUESTA INFRACCI\u00d3N POR TU PARTE DE ESTAS CONDICIONES DE USO. <\/p>\n<p>EN LA MEDIDA EN QUE NO SE APLIQUE LA LIMITACI\u00d3N ANTERIOR, EN NING\u00daN CASO LA RESPONSABILIDAD TOTAL AGREGADA DE TFP EN RELACI\u00d3N CON O EN VIRTUD DE ESTAS CONDICIONES DE USO, INCLUIDO POR TU USO O IMPOSIBILIDAD DE USO DEL SITIO, EL CONTENIDO DEL SITIO O CUALQUIER SITIO WEB DE TERCEROS, O POR CUALQUIER RECLAMACI\u00d3N RELACIONADA DE ALGUNA MANERA CON TU USO O INCAPACIDAD PARA USAR EL SITIO, EL CONTENIDO DEL SITIO O CUALQUIER SITIO WEB DE TERCEROS, EXCEDER\u00c1 LOS DIEZ D\u00d3LARES CANADIENSES ($10) o su equivalente en moneda local.<\/p>\n<p><strong><u>Indemnizaci\u00f3n<\/u><\/strong><\/p>\n<p>Aceptas indemnizar y exonerar a TFP, sus afiliados, directores, directivos, empleados, contratistas, agentes, proveedores y licenciantes de toda p\u00e9rdida, gasto, da\u00f1o, reclamaci\u00f3n, multa, sanci\u00f3n, coste y responsabilidad (incluidos los honorarios razonables de abogados y contables), basados en, derivados de o relacionados con: (a) tu uso del Sitio, del Contenido del Sitio o de cualquier Sitio Web de Terceros; (b) tu incumplimiento o presunto incumplimiento de estas Condiciones de Uso en su totalidad o en parte; y (c) tu violaci\u00f3n de cualquier ley o de los derechos de cualquier tercero.   <\/p>\n<p><strong><u>Ley aplicable y jurisdicci\u00f3n<\/u><\/strong><\/p>\n<p>Estas Condiciones de uso se regir\u00e1n e interpretar\u00e1n de acuerdo con las leyes de la provincia de Ontario y de las leyes de Canad\u00e1 aplicables en la misma, y cualquier disputa se someter\u00e1 a un tribunal de jurisdicci\u00f3n competente en el distrito judicial de Toronto, en la provincia de Ontario. Si un tribunal de jurisdicci\u00f3n competente considera que alguna disposici\u00f3n de las presentes Condiciones de uso es ilegal, nula o, por cualquier motivo, inaplicable, dicha disposici\u00f3n se separar\u00e1 de las presentes Condiciones de uso y no afectar\u00e1 a la validez y aplicabilidad de las disposiciones restantes. Estas Condiciones de Uso no se regir\u00e1n por la Convenci\u00f3n de las Naciones Unidas sobre los Contratos de Compraventa Internacional de Mercader\u00edas, que queda expresamente excluida, y tambi\u00e9n aceptas expresamente excluir la aplicabilidad de la Ley Uniforme de Transacciones Inform\u00e1ticas. Una copia impresa de estas Condiciones de Uso y de cualquier notificaci\u00f3n en formato electr\u00f3nico ser\u00e1 admisible en cualquier procedimiento judicial o administrativo en la misma medida y bajo las mismas condiciones que otros documentos y registros comerciales generados y conservados originalmente en formato impreso. Aceptas que s\u00f3lo iniciar\u00e1s una acci\u00f3n o solicitud como individuo. Aceptas que no presentar\u00e1s una demanda colectiva ni participar\u00e1s en una demanda colectiva.     <\/p>\n<p><strong><u>Acuerdo completo y renuncia<\/u><\/strong><\/p>\n<p>Estas Condiciones de Uso constituyen el acuerdo completo entre TFP y t\u00fa en relaci\u00f3n con el objeto del presente documento y sustituyen a todas las comunicaciones y propuestas anteriores o contempor\u00e1neas, ya sean electr\u00f3nicas, orales o escritas, entre t\u00fa y TFP en relaci\u00f3n con el objeto del presente documento.<\/p>\n<p>El hecho de que TFP no insista o exija el estricto cumplimiento de cualquier disposici\u00f3n de estas Condiciones de uso no se interpretar\u00e1 como una renuncia a ninguna disposici\u00f3n o derecho. La renuncia a cualquier disposici\u00f3n del presente documento en un caso no impedir\u00e1 su aplicaci\u00f3n en futuras ocasiones. <\/p>\n<p>Es deseo expreso de las partes que este Convenio y todos los documentos relacionados se redacten en ingl\u00e9s. C&#8217;est la volont\u00e9 expresse des parties que la pr\u00e9sente convention ainsi que les documents qui s&#8217;y rattachent soient r\u00e9dig\u00e9s en anglais. <\/p>\n","protected":false},"excerpt":{"rendered":"<p>Lee atentamente estas condiciones de uso (las \u00abCondiciones de Uso\u00ab) antes de acceder o utilizar este sitio web, incluso a trav\u00e9s de sus interfaces de acceso general (el \u00abSitio\u00ab). Estas Condiciones de uso constituyen un acuerdo entre TheFeminismProject.com, (\u00abTFP\u00ab, \u00abnosotros\u00ab, \u00abnos\u00bb y \u00abnuestro\u00ab), y t\u00fa, y rigen el uso que hagas del Sitio (el t\u00e9rmino [&hellip;]<\/p>\n","protected":false},"author":1,"featured_media":0,"parent":0,"menu_order":0,"comment_status":"closed","ping_status":"closed","template":"","meta":{"footnotes":""},"class_list":["post-1036102","page","type-page","status-publish"],"yoast_head":"<!-- This site is optimized with the Yoast SEO plugin v27.3 - https:\/\/yoast.com\/product\/yoast-seo-wordpress\/ -->\n<title>Plazo de uso - thefeminismproject.com<\/title>\n<meta name=\"description\" content=\"Lee atentamente estas condiciones de uso (las &quot;Condiciones de Uso&quot;) antes de acceder o utilizar este sitio web, incluso a trav\u00e9s de sus interfaces de\" \/>\n<meta name=\"robots\" content=\"index, follow, max-snippet:-1, max-image-preview:large, max-video-preview:-1\" \/>\n<link rel=\"canonical\" href=\"https:\/\/thefeminismproject.com\/es\/plazo-de-uso\/\" \/>\n<meta property=\"og:locale\" content=\"es_ES\" \/>\n<meta property=\"og:type\" content=\"article\" \/>\n<meta property=\"og:title\" content=\"Plazo de uso - thefeminismproject.com\" \/>\n<meta property=\"og:description\" content=\"Lee atentamente estas condiciones de uso (las &quot;Condiciones de Uso&quot;) antes de acceder o utilizar este sitio web, incluso a trav\u00e9s de sus interfaces de\" \/>\n<meta property=\"og:url\" content=\"https:\/\/thefeminismproject.com\/es\/plazo-de-uso\/\" \/>\n<meta property=\"og:site_name\" content=\"thefeminismproject.com\" \/>\n<meta property=\"og:image\" content=\"https:\/\/thefeminismproject.com\/wp-content\/uploads\/2024\/10\/pexels-vazhnik-7561648.jpg\" \/>\n\t<meta property=\"og:image:width\" content=\"2500\" \/>\n\t<meta property=\"og:image:height\" content=\"1667\" \/>\n\t<meta property=\"og:image:type\" content=\"image\/jpeg\" \/>\n<meta name=\"twitter:card\" content=\"summary_large_image\" \/>\n<meta name=\"twitter:label1\" content=\"Tiempo de lectura\" \/>\n\t<meta name=\"twitter:data1\" content=\"13 minutos\" \/>\n<script type=\"application\/ld+json\" class=\"yoast-schema-graph\">{\"@context\":\"https:\\\/\\\/schema.org\",\"@graph\":[{\"@type\":\"WebPage\",\"@id\":\"https:\\\/\\\/thefeminismproject.com\\\/es\\\/plazo-de-uso\\\/\",\"url\":\"https:\\\/\\\/thefeminismproject.com\\\/es\\\/plazo-de-uso\\\/\",\"name\":\"Plazo de uso - thefeminismproject.com\",\"isPartOf\":{\"@id\":\"https:\\\/\\\/thefeminismproject.com\\\/es\\\/#website\"},\"datePublished\":\"2024-10-31T00:56:45+00:00\",\"description\":\"Lee atentamente estas condiciones de uso (las \\\"Condiciones de Uso\\\") antes de acceder o utilizar este sitio web, incluso a trav\u00e9s de sus interfaces de\",\"breadcrumb\":{\"@id\":\"https:\\\/\\\/thefeminismproject.com\\\/es\\\/plazo-de-uso\\\/#breadcrumb\"},\"inLanguage\":\"es\",\"potentialAction\":[{\"@type\":\"ReadAction\",\"target\":[\"https:\\\/\\\/thefeminismproject.com\\\/es\\\/plazo-de-uso\\\/\"]}]},{\"@type\":\"BreadcrumbList\",\"@id\":\"https:\\\/\\\/thefeminismproject.com\\\/es\\\/plazo-de-uso\\\/#breadcrumb\",\"itemListElement\":[{\"@type\":\"ListItem\",\"position\":1,\"name\":\"Home\",\"item\":\"https:\\\/\\\/thefeminismproject.com\\\/es\\\/inicio\\\/\"},{\"@type\":\"ListItem\",\"position\":2,\"name\":\"Plazo de uso\"}]},{\"@type\":\"WebSite\",\"@id\":\"https:\\\/\\\/thefeminismproject.com\\\/es\\\/#website\",\"url\":\"https:\\\/\\\/thefeminismproject.com\\\/es\\\/\",\"name\":\"thefeminismproject.com\",\"description\":\"Popular culture with a feminist twist | let&#039;s talk about things that matter (news that feels right)\",\"publisher\":{\"@id\":\"https:\\\/\\\/thefeminismproject.com\\\/es\\\/#organization\"},\"potentialAction\":[{\"@type\":\"SearchAction\",\"target\":{\"@type\":\"EntryPoint\",\"urlTemplate\":\"https:\\\/\\\/thefeminismproject.com\\\/es\\\/?s={search_term_string}\"},\"query-input\":{\"@type\":\"PropertyValueSpecification\",\"valueRequired\":true,\"valueName\":\"search_term_string\"}}],\"inLanguage\":\"es\"},{\"@type\":\"Organization\",\"@id\":\"https:\\\/\\\/thefeminismproject.com\\\/es\\\/#organization\",\"name\":\"thefeminismproject.com\",\"url\":\"https:\\\/\\\/thefeminismproject.com\\\/es\\\/\",\"logo\":{\"@type\":\"ImageObject\",\"inLanguage\":\"es\",\"@id\":\"https:\\\/\\\/thefeminismproject.com\\\/es\\\/#\\\/schema\\\/logo\\\/image\\\/\",\"url\":\"https:\\\/\\\/thefeminismproject.com\\\/wp-content\\\/uploads\\\/2024\\\/10\\\/pexels-vazhnik-7561648.jpg\",\"contentUrl\":\"https:\\\/\\\/thefeminismproject.com\\\/wp-content\\\/uploads\\\/2024\\\/10\\\/pexels-vazhnik-7561648.jpg\",\"width\":2500,\"height\":1667,\"caption\":\"thefeminismproject.com\"},\"image\":{\"@id\":\"https:\\\/\\\/thefeminismproject.com\\\/es\\\/#\\\/schema\\\/logo\\\/image\\\/\"}}]}<\/script>\n<!-- \/ Yoast SEO plugin. -->","yoast_head_json":{"title":"Plazo de uso - thefeminismproject.com","description":"Lee atentamente estas condiciones de uso (las \"Condiciones de Uso\") antes de acceder o utilizar este sitio web, incluso a trav\u00e9s de sus interfaces de","robots":{"index":"index","follow":"follow","max-snippet":"max-snippet:-1","max-image-preview":"max-image-preview:large","max-video-preview":"max-video-preview:-1"},"canonical":"https:\/\/thefeminismproject.com\/es\/plazo-de-uso\/","og_locale":"es_ES","og_type":"article","og_title":"Plazo de uso - thefeminismproject.com","og_description":"Lee atentamente estas condiciones de uso (las \"Condiciones de Uso\") antes de acceder o utilizar este sitio web, incluso a trav\u00e9s de sus interfaces de","og_url":"https:\/\/thefeminismproject.com\/es\/plazo-de-uso\/","og_site_name":"thefeminismproject.com","og_image":[{"width":2500,"height":1667,"url":"https:\/\/thefeminismproject.com\/wp-content\/uploads\/2024\/10\/pexels-vazhnik-7561648.jpg","type":"image\/jpeg"}],"twitter_card":"summary_large_image","twitter_misc":{"Tiempo de lectura":"13 minutos"},"schema":{"@context":"https:\/\/schema.org","@graph":[{"@type":"WebPage","@id":"https:\/\/thefeminismproject.com\/es\/plazo-de-uso\/","url":"https:\/\/thefeminismproject.com\/es\/plazo-de-uso\/","name":"Plazo de uso - thefeminismproject.com","isPartOf":{"@id":"https:\/\/thefeminismproject.com\/es\/#website"},"datePublished":"2024-10-31T00:56:45+00:00","description":"Lee atentamente estas condiciones de uso (las \"Condiciones de Uso\") antes de acceder o utilizar este sitio web, incluso a trav\u00e9s de sus interfaces de","breadcrumb":{"@id":"https:\/\/thefeminismproject.com\/es\/plazo-de-uso\/#breadcrumb"},"inLanguage":"es","potentialAction":[{"@type":"ReadAction","target":["https:\/\/thefeminismproject.com\/es\/plazo-de-uso\/"]}]},{"@type":"BreadcrumbList","@id":"https:\/\/thefeminismproject.com\/es\/plazo-de-uso\/#breadcrumb","itemListElement":[{"@type":"ListItem","position":1,"name":"Home","item":"https:\/\/thefeminismproject.com\/es\/inicio\/"},{"@type":"ListItem","position":2,"name":"Plazo de uso"}]},{"@type":"WebSite","@id":"https:\/\/thefeminismproject.com\/es\/#website","url":"https:\/\/thefeminismproject.com\/es\/","name":"thefeminismproject.com","description":"Popular culture with a feminist twist | let&#039;s talk about things that matter (news that feels right)","publisher":{"@id":"https:\/\/thefeminismproject.com\/es\/#organization"},"potentialAction":[{"@type":"SearchAction","target":{"@type":"EntryPoint","urlTemplate":"https:\/\/thefeminismproject.com\/es\/?s={search_term_string}"},"query-input":{"@type":"PropertyValueSpecification","valueRequired":true,"valueName":"search_term_string"}}],"inLanguage":"es"},{"@type":"Organization","@id":"https:\/\/thefeminismproject.com\/es\/#organization","name":"thefeminismproject.com","url":"https:\/\/thefeminismproject.com\/es\/","logo":{"@type":"ImageObject","inLanguage":"es","@id":"https:\/\/thefeminismproject.com\/es\/#\/schema\/logo\/image\/","url":"https:\/\/thefeminismproject.com\/wp-content\/uploads\/2024\/10\/pexels-vazhnik-7561648.jpg","contentUrl":"https:\/\/thefeminismproject.com\/wp-content\/uploads\/2024\/10\/pexels-vazhnik-7561648.jpg","width":2500,"height":1667,"caption":"thefeminismproject.com"},"image":{"@id":"https:\/\/thefeminismproject.com\/es\/#\/schema\/logo\/image\/"}}]}},"_links":{"self":[{"href":"https:\/\/thefeminismproject.com\/es\/wp-json\/wp\/v2\/pages\/1036102","targetHints":{"allow":["GET"]}}],"collection":[{"href":"https:\/\/thefeminismproject.com\/es\/wp-json\/wp\/v2\/pages"}],"about":[{"href":"https:\/\/thefeminismproject.com\/es\/wp-json\/wp\/v2\/types\/page"}],"author":[{"embeddable":true,"href":"https:\/\/thefeminismproject.com\/es\/wp-json\/wp\/v2\/users\/1"}],"replies":[{"embeddable":true,"href":"https:\/\/thefeminismproject.com\/es\/wp-json\/wp\/v2\/comments?post=1036102"}],"version-history":[{"count":0,"href":"https:\/\/thefeminismproject.com\/es\/wp-json\/wp\/v2\/pages\/1036102\/revisions"}],"wp:attachment":[{"href":"https:\/\/thefeminismproject.com\/es\/wp-json\/wp\/v2\/media?parent=1036102"}],"curies":[{"name":"wp","href":"https:\/\/api.w.org\/{rel}","templated":true}]}}