{"id":1036077,"date":"2024-10-31T00:54:48","date_gmt":"2024-10-31T00:54:48","guid":{"rendered":"https:\/\/thefeminismproject.com\/a-propos-de-nous\/"},"modified":"2024-10-31T00:54:48","modified_gmt":"2024-10-31T00:54:48","slug":"a-propos-de-nous","status":"publish","type":"page","link":"https:\/\/thefeminismproject.com\/fr\/a-propos-de-nous\/","title":{"rendered":"A propos de nous"},"content":{"rendered":"<h2><strong>La vision<\/strong><\/h2>\n<p>TheFeminismProject.com vous pr\u00e9sente la culture populaire avec une touche f\u00e9ministe. Que nous nous attaquions \u00e0 des questions plus difficiles ou que nous nous penchions sur des sujets plus d\u00e9licats, notre objectif est de rester concret, de cr\u00e9er un dialogue qui soit juste et de d\u00e9livrer le bon message. <\/p>\n<h2><strong>Notre histoire<\/strong><\/h2>\n<p>Chlo\u00e9 et Leia avaient une vision. Un jour fatidique, Chlo\u00e9 s&rsquo;est vu confier le projet de g\u00e9rer un site d&rsquo;information sur le divertissement. Elle a recrut\u00e9 quelques-uns de ses amis \u00e9crivains talentueux pour produire un excellent \u00e9ditorial pour cette publication en ligne. Le projet a \u00e9volu\u00e9 pour devenir un site d&rsquo;information sur le divertissement avec une touche f\u00e9ministe. Leia s&rsquo;est investie, allant au-del\u00e0 de son r\u00f4le et est rapidement devenue co-parente du projet. Chlo\u00e9 et Leia se sont investies.   <\/p>\n<p><em>Le dossier<\/em>: Chlo\u00e9 a \u00e9t\u00e9 retir\u00e9e du projet et s&rsquo;est vu offrir un r\u00f4le plus important dans l&rsquo;entreprise, un homme blanc et h\u00e9t\u00e9rosexuel en a h\u00e9rit\u00e9 et a abandonn\u00e9 le mandat \u00e9ditorial initial, la vision s&rsquo;est perdue et Leia a refus\u00e9 une proposition visant \u00e0 diriger le projet dans cette direction.<\/p>\n<p><em>Le bon c\u00f4t\u00e9 des choses<\/em>: d&rsquo;abord d\u00e9chir\u00e9s par la perte de leur b\u00e9b\u00e9, les deux hommes ont r\u00e9alis\u00e9 que la passion et le contenu qu&rsquo;ils g\u00e9n\u00e9raient venaient de l&rsquo;int\u00e9rieur et ont d\u00e9cid\u00e9 de devenir ind\u00e9pendants : TheFeminismProject.com est n\u00e9.<\/p>\n<p><em>Un peu d&rsquo;histoire<\/em>: Chlo\u00e9 et Leia se sont rencontr\u00e9es en 2012 chez Bell M\u00e9dia lorsqu&rsquo;elles ont \u00e9t\u00e9 embauch\u00e9es pour rebaptiser Sympatico.ca en TheLoop.ca (la seule plateforme num\u00e9rique de Bell M\u00e9dia). Elles se sont entendues sur les chats, les chiens, les lesbiennes, les makis frits et les bonbons acidul\u00e9s. Elles sont rest\u00e9es amies, \u00e9videmment, et le reste appartient \u00e0 l&rsquo;histoire.  <\/p>\n","protected":false},"excerpt":{"rendered":"<p>La vision TheFeminismProject.com vous pr\u00e9sente la culture populaire avec une touche f\u00e9ministe. Que nous nous attaquions \u00e0 des questions plus difficiles ou que nous nous penchions sur des sujets plus d\u00e9licats, notre objectif est de rester concret, de cr\u00e9er un dialogue qui soit juste et de d\u00e9livrer le bon message. Notre histoire Chlo\u00e9 et Leia [&hellip;]<\/p>\n","protected":false},"author":1,"featured_media":0,"parent":0,"menu_order":0,"comment_status":"closed","ping_status":"closed","template":"","meta":{"footnotes":""},"class_list":["post-1036077","page","type-page","status-publish"],"yoast_head":"<!-- This site is optimized with the Yoast SEO plugin v27.3 - https:\/\/yoast.com\/product\/yoast-seo-wordpress\/ -->\n<title>A propos de nous - thefeminismproject.com<\/title>\n<meta name=\"description\" content=\"La vision TheFeminismProject.com vous pr\u00e9sente la culture populaire avec une touche f\u00e9ministe. Que nous nous attaquions \u00e0 des questions plus difficiles ou\" \/>\n<meta name=\"robots\" content=\"index, follow, max-snippet:-1, max-image-preview:large, max-video-preview:-1\" \/>\n<link rel=\"canonical\" href=\"https:\/\/thefeminismproject.com\/fr\/a-propos-de-nous\/\" \/>\n<meta property=\"og:locale\" content=\"fr_FR\" \/>\n<meta property=\"og:type\" content=\"article\" \/>\n<meta property=\"og:title\" content=\"A propos de nous - thefeminismproject.com\" \/>\n<meta property=\"og:description\" content=\"La vision TheFeminismProject.com vous pr\u00e9sente la culture populaire avec une touche f\u00e9ministe. Que nous nous attaquions \u00e0 des questions plus difficiles ou\" \/>\n<meta property=\"og:url\" content=\"https:\/\/thefeminismproject.com\/fr\/a-propos-de-nous\/\" \/>\n<meta property=\"og:site_name\" content=\"thefeminismproject.com\" \/>\n<meta property=\"og:image\" content=\"https:\/\/thefeminismproject.com\/wp-content\/uploads\/2024\/10\/pexels-vazhnik-7561648.jpg\" \/>\n\t<meta property=\"og:image:width\" content=\"2500\" \/>\n\t<meta property=\"og:image:height\" content=\"1667\" \/>\n\t<meta property=\"og:image:type\" content=\"image\/jpeg\" \/>\n<meta name=\"twitter:card\" content=\"summary_large_image\" \/>\n<meta name=\"twitter:label1\" content=\"Dur\u00e9e de lecture estim\u00e9e\" \/>\n\t<meta name=\"twitter:data1\" content=\"2 minutes\" \/>\n<script type=\"application\/ld+json\" class=\"yoast-schema-graph\">{\"@context\":\"https:\\\/\\\/schema.org\",\"@graph\":[{\"@type\":\"WebPage\",\"@id\":\"https:\\\/\\\/thefeminismproject.com\\\/fr\\\/a-propos-de-nous\\\/\",\"url\":\"https:\\\/\\\/thefeminismproject.com\\\/fr\\\/a-propos-de-nous\\\/\",\"name\":\"A propos de nous - thefeminismproject.com\",\"isPartOf\":{\"@id\":\"https:\\\/\\\/thefeminismproject.com\\\/fr\\\/#website\"},\"datePublished\":\"2024-10-31T00:54:48+00:00\",\"description\":\"La vision TheFeminismProject.com vous pr\u00e9sente la culture populaire avec une touche f\u00e9ministe. Que nous nous attaquions \u00e0 des questions plus difficiles ou\",\"breadcrumb\":{\"@id\":\"https:\\\/\\\/thefeminismproject.com\\\/fr\\\/a-propos-de-nous\\\/#breadcrumb\"},\"inLanguage\":\"fr-FR\",\"potentialAction\":[{\"@type\":\"ReadAction\",\"target\":[\"https:\\\/\\\/thefeminismproject.com\\\/fr\\\/a-propos-de-nous\\\/\"]}]},{\"@type\":\"BreadcrumbList\",\"@id\":\"https:\\\/\\\/thefeminismproject.com\\\/fr\\\/a-propos-de-nous\\\/#breadcrumb\",\"itemListElement\":[{\"@type\":\"ListItem\",\"position\":1,\"name\":\"Home\",\"item\":\"https:\\\/\\\/thefeminismproject.com\\\/fr\\\/accueil\\\/\"},{\"@type\":\"ListItem\",\"position\":2,\"name\":\"A propos de nous\"}]},{\"@type\":\"WebSite\",\"@id\":\"https:\\\/\\\/thefeminismproject.com\\\/fr\\\/#website\",\"url\":\"https:\\\/\\\/thefeminismproject.com\\\/fr\\\/\",\"name\":\"thefeminismproject.com\",\"description\":\"Popular culture with a feminist twist | let&#039;s talk about things that matter (news that feels right)\",\"publisher\":{\"@id\":\"https:\\\/\\\/thefeminismproject.com\\\/fr\\\/#organization\"},\"potentialAction\":[{\"@type\":\"SearchAction\",\"target\":{\"@type\":\"EntryPoint\",\"urlTemplate\":\"https:\\\/\\\/thefeminismproject.com\\\/fr\\\/?s={search_term_string}\"},\"query-input\":{\"@type\":\"PropertyValueSpecification\",\"valueRequired\":true,\"valueName\":\"search_term_string\"}}],\"inLanguage\":\"fr-FR\"},{\"@type\":\"Organization\",\"@id\":\"https:\\\/\\\/thefeminismproject.com\\\/fr\\\/#organization\",\"name\":\"thefeminismproject.com\",\"url\":\"https:\\\/\\\/thefeminismproject.com\\\/fr\\\/\",\"logo\":{\"@type\":\"ImageObject\",\"inLanguage\":\"fr-FR\",\"@id\":\"https:\\\/\\\/thefeminismproject.com\\\/fr\\\/#\\\/schema\\\/logo\\\/image\\\/\",\"url\":\"https:\\\/\\\/thefeminismproject.com\\\/wp-content\\\/uploads\\\/2024\\\/10\\\/pexels-vazhnik-7561648.jpg\",\"contentUrl\":\"https:\\\/\\\/thefeminismproject.com\\\/wp-content\\\/uploads\\\/2024\\\/10\\\/pexels-vazhnik-7561648.jpg\",\"width\":2500,\"height\":1667,\"caption\":\"thefeminismproject.com\"},\"image\":{\"@id\":\"https:\\\/\\\/thefeminismproject.com\\\/fr\\\/#\\\/schema\\\/logo\\\/image\\\/\"}}]}<\/script>\n<!-- \/ Yoast SEO plugin. -->","yoast_head_json":{"title":"A propos de nous - thefeminismproject.com","description":"La vision TheFeminismProject.com vous pr\u00e9sente la culture populaire avec une touche f\u00e9ministe. Que nous nous attaquions \u00e0 des questions plus difficiles ou","robots":{"index":"index","follow":"follow","max-snippet":"max-snippet:-1","max-image-preview":"max-image-preview:large","max-video-preview":"max-video-preview:-1"},"canonical":"https:\/\/thefeminismproject.com\/fr\/a-propos-de-nous\/","og_locale":"fr_FR","og_type":"article","og_title":"A propos de nous - thefeminismproject.com","og_description":"La vision TheFeminismProject.com vous pr\u00e9sente la culture populaire avec une touche f\u00e9ministe. Que nous nous attaquions \u00e0 des questions plus difficiles ou","og_url":"https:\/\/thefeminismproject.com\/fr\/a-propos-de-nous\/","og_site_name":"thefeminismproject.com","og_image":[{"width":2500,"height":1667,"url":"https:\/\/thefeminismproject.com\/wp-content\/uploads\/2024\/10\/pexels-vazhnik-7561648.jpg","type":"image\/jpeg"}],"twitter_card":"summary_large_image","twitter_misc":{"Dur\u00e9e de lecture estim\u00e9e":"2 minutes"},"schema":{"@context":"https:\/\/schema.org","@graph":[{"@type":"WebPage","@id":"https:\/\/thefeminismproject.com\/fr\/a-propos-de-nous\/","url":"https:\/\/thefeminismproject.com\/fr\/a-propos-de-nous\/","name":"A propos de nous - thefeminismproject.com","isPartOf":{"@id":"https:\/\/thefeminismproject.com\/fr\/#website"},"datePublished":"2024-10-31T00:54:48+00:00","description":"La vision TheFeminismProject.com vous pr\u00e9sente la culture populaire avec une touche f\u00e9ministe. Que nous nous attaquions \u00e0 des questions plus difficiles ou","breadcrumb":{"@id":"https:\/\/thefeminismproject.com\/fr\/a-propos-de-nous\/#breadcrumb"},"inLanguage":"fr-FR","potentialAction":[{"@type":"ReadAction","target":["https:\/\/thefeminismproject.com\/fr\/a-propos-de-nous\/"]}]},{"@type":"BreadcrumbList","@id":"https:\/\/thefeminismproject.com\/fr\/a-propos-de-nous\/#breadcrumb","itemListElement":[{"@type":"ListItem","position":1,"name":"Home","item":"https:\/\/thefeminismproject.com\/fr\/accueil\/"},{"@type":"ListItem","position":2,"name":"A propos de nous"}]},{"@type":"WebSite","@id":"https:\/\/thefeminismproject.com\/fr\/#website","url":"https:\/\/thefeminismproject.com\/fr\/","name":"thefeminismproject.com","description":"Popular culture with a feminist twist | let&#039;s talk about things that matter (news that feels right)","publisher":{"@id":"https:\/\/thefeminismproject.com\/fr\/#organization"},"potentialAction":[{"@type":"SearchAction","target":{"@type":"EntryPoint","urlTemplate":"https:\/\/thefeminismproject.com\/fr\/?s={search_term_string}"},"query-input":{"@type":"PropertyValueSpecification","valueRequired":true,"valueName":"search_term_string"}}],"inLanguage":"fr-FR"},{"@type":"Organization","@id":"https:\/\/thefeminismproject.com\/fr\/#organization","name":"thefeminismproject.com","url":"https:\/\/thefeminismproject.com\/fr\/","logo":{"@type":"ImageObject","inLanguage":"fr-FR","@id":"https:\/\/thefeminismproject.com\/fr\/#\/schema\/logo\/image\/","url":"https:\/\/thefeminismproject.com\/wp-content\/uploads\/2024\/10\/pexels-vazhnik-7561648.jpg","contentUrl":"https:\/\/thefeminismproject.com\/wp-content\/uploads\/2024\/10\/pexels-vazhnik-7561648.jpg","width":2500,"height":1667,"caption":"thefeminismproject.com"},"image":{"@id":"https:\/\/thefeminismproject.com\/fr\/#\/schema\/logo\/image\/"}}]}},"_links":{"self":[{"href":"https:\/\/thefeminismproject.com\/fr\/wp-json\/wp\/v2\/pages\/1036077","targetHints":{"allow":["GET"]}}],"collection":[{"href":"https:\/\/thefeminismproject.com\/fr\/wp-json\/wp\/v2\/pages"}],"about":[{"href":"https:\/\/thefeminismproject.com\/fr\/wp-json\/wp\/v2\/types\/page"}],"author":[{"embeddable":true,"href":"https:\/\/thefeminismproject.com\/fr\/wp-json\/wp\/v2\/users\/1"}],"replies":[{"embeddable":true,"href":"https:\/\/thefeminismproject.com\/fr\/wp-json\/wp\/v2\/comments?post=1036077"}],"version-history":[{"count":0,"href":"https:\/\/thefeminismproject.com\/fr\/wp-json\/wp\/v2\/pages\/1036077\/revisions"}],"wp:attachment":[{"href":"https:\/\/thefeminismproject.com\/fr\/wp-json\/wp\/v2\/media?parent=1036077"}],"curies":[{"name":"wp","href":"https:\/\/api.w.org\/{rel}","templated":true}]}}